{"id":55,"date":"2023-08-24T03:46:12","date_gmt":"2023-08-24T03:46:12","guid":{"rendered":"https:\/\/werkstatt.cl\/?post_type=product&#038;p=55"},"modified":"2023-08-24T03:46:12","modified_gmt":"2023-08-24T03:46:12","slug":"rodamientos-rodillos-cilindricos","status":"publish","type":"product","link":"https:\/\/werkstatt.cl\/?product=rodamientos-rodillos-cilindricos","title":{"rendered":"Rodamientos rodillos cil\u00edndricos"},"content":{"rendered":"<p>Un rodamiento de rodillos\u00a0<b>es un tipo de rodamiento que utiliza, como elementos rodantes, cilindros (rodillos) en lugar de bolas<\/b>. En general, los rodamientos cil\u00edndricos resisten mayores cargas radiales. Est\u00e1n dise\u00f1ados para operar con cargas m\u00e1s elevadas que los rodamientos de bolas.<\/p>\n","protected":false},"excerpt":{"rendered":"<p>Seg\u00fan el dise\u00f1o, estos rodamientos pueden soportar cargas axiales en ambos sentidos y cargas radiales pesadas, y suelen utilizarse en\u00a0<b>cajas de engranajes, equipos de elevaci\u00f3n, laminadoras y m\u00e1quinas en la industria minera<\/b>.<\/p>\n","protected":false},"featured_media":56,"comment_status":"open","ping_status":"closed","template":"","meta":[],"product_cat":[20],"product_tag":[],"class_list":{"0":"post-55","1":"product","2":"type-product","3":"status-publish","4":"has-post-thumbnail","6":"product_cat-rodamientos","8":"first","9":"instock","10":"shipping-taxable","11":"product-type-simple"},"_links":{"self":[{"href":"https:\/\/werkstatt.cl\/index.php?rest_route=\/wp\/v2\/product\/55","targetHints":{"allow":["GET"]}}],"collection":[{"href":"https:\/\/werkstatt.cl\/index.php?rest_route=\/wp\/v2\/product"}],"about":[{"href":"https:\/\/werkstatt.cl\/index.php?rest_route=\/wp\/v2\/types\/product"}],"replies":[{"embeddable":true,"href":"https:\/\/werkstatt.cl\/index.php?rest_route=%2Fwp%2Fv2%2Fcomments&post=55"}],"wp:featuredmedia":[{"embeddable":true,"href":"https:\/\/werkstatt.cl\/index.php?rest_route=\/wp\/v2\/media\/56"}],"wp:attachment":[{"href":"https:\/\/werkstatt.cl\/index.php?rest_route=%2Fwp%2Fv2%2Fmedia&parent=55"}],"wp:term":[{"taxonomy":"product_cat","embeddable":true,"href":"https:\/\/werkstatt.cl\/index.php?rest_route=%2Fwp%2Fv2%2Fproduct_cat&post=55"},{"taxonomy":"product_tag","embeddable":true,"href":"https:\/\/werkstatt.cl\/index.php?rest_route=%2Fwp%2Fv2%2Fproduct_tag&post=55"}],"curies":[{"name":"wp","href":"https:\/\/api.w.org\/{rel}","templated":true}]}}